{"id":68,"date":"2010-03-04T12:19:28","date_gmt":"2010-03-04T11:19:28","guid":{"rendered":"http:\/\/217.70.188.214\/colletcollage.com\/?page_id=68"},"modified":"2010-04-20T17:51:36","modified_gmt":"2010-04-20T16:51:36","slug":"vue-par-vicente-alba","status":"publish","type":"page","link":"https:\/\/www.colletcollage.com\/?page_id=68","title":{"rendered":"Vue par Vincente Alba"},"content":{"rendered":"<p><!-- \t\t@page { margin: 2cm } \t\tP { margin-bottom: 0.21cm } --><\/p>\n<h1>Denise Collet<\/h1>\n<p>Un support, du papier, des ciseaux et de la colle, oui et alors\u00a0! Ces quatre \u00e9l\u00e9ments ne font pas une \u0153uvre. C\u2019est \u00e9videment l\u2019\u00e9thique et l\u2019esth\u00e9tique qui forme la composition qui devient po\u00e8me, musique, humour, regard sur notre temps. Une composition quelque soit la technique employ\u00e9e ne se r\u00e9alise qu\u2019avec Amour et Passion.<\/p>\n<p>Quant on formalise l\u2019\u0153uvre de Denise Collet notre attirance va vers l\u2019Art Singulier allant de l\u2019immat\u00e9riel, aux lettristes, au conceptuel d\u2019o\u00f9 ressort une certaine spiritualit\u00e9\/symbolique. Ses r\u00e9alisations bien structur\u00e9es o\u00f9 souvent les rouges sont dominants nous communiquent la fougue que l\u2019artiste transmet dans son travail.<\/p>\n<p>Dans ses tableaux il se passe toujours quelque chose: r\u00eaves, voyages et puis peu \u00e0 peu nous partons vers d&rsquo;autres d\u00e9couvertes, laissant notre imaginaire vagabonder \u00e0 sa guise.<\/p>\n<p>Quand Denise Collet parle de son travail, elle le classe dans l\u2019Art Pauvre, je ne partage pas ce point de vue, car il est riche en expression, il repr\u00e9sente un regard sur notre monde avec un clin d\u2019\u0153il plein de malice.<\/p>\n<p>Mais, l\u2019\u00e9thique reste chez cette artiste une de ses r\u00e8gles fondamentales que l\u2019ont d\u00e9couvre au fur et \u00e0 mesure des ses \u0153uvres. Il en est de m\u00eame dans la conception de ses tableaux o\u00f9 il ressort continuellement un sens inn\u00e9 de l\u2019esth\u00e9tique.<\/p>\n<p>Dans la majorit\u00e9 de ses \u0153uvres nous voyons appara\u00eetre un concept symbolique, voire spirituel d\u2019o\u00f9 l\u2019on remarque le go\u00fbt prononc\u00e9 pour l\u2019\u00e9criture, la lecture et son amour sans limite pour les livres nouveaux et plus particuli\u00e8rement pour les ouvrages anciens, on remarque \u00e9galement tout au long de son \u0153uvre son ancien parcourt de musicienne, ses collages sont musiques ajouter \u00e0 cela la passion de l\u2019artiste pour son travail, on comprend mieux la r\u00e9ussite de Denise Collet au sein de cet Art Singulier.<\/p>\n<h6 style=\"text-align: center;\">Vincente Alba<\/h6>\n","protected":false},"excerpt":{"rendered":"<p>Denise Collet Un support, du papier, des ciseaux et de la colle, oui et alors\u00a0! Ces quatre \u00e9l\u00e9ments ne font pas une \u0153uvre. C\u2019est \u00e9videment l\u2019\u00e9thique et l\u2019esth\u00e9tique qui forme la composition qui devient po\u00e8me, musique, humour, regard sur notre temps. Une composition quelque soit la technique employ\u00e9e ne se r\u00e9alise qu\u2019avec Amour et Passion. [&hellip;]<\/p>\n","protected":false},"author":2,"featured_media":0,"parent":66,"menu_order":2,"comment_status":"closed","ping_status":"open","template":"","meta":{"footnotes":""},"class_list":["post-68","page","type-page","status-publish","hentry"],"_links":{"self":[{"href":"https:\/\/www.colletcollage.com\/index.php?rest_route=\/wp\/v2\/pages\/68","targetHints":{"allow":["GET"]}}],"collection":[{"href":"https:\/\/www.colletcollage.com\/index.php?rest_route=\/wp\/v2\/pages"}],"about":[{"href":"https:\/\/www.colletcollage.com\/index.php?rest_route=\/wp\/v2\/types\/page"}],"author":[{"embeddable":true,"href":"https:\/\/www.colletcollage.com\/index.php?rest_route=\/wp\/v2\/users\/2"}],"replies":[{"embeddable":true,"href":"https:\/\/www.colletcollage.com\/index.php?rest_route=%2Fwp%2Fv2%2Fcomments&post=68"}],"version-history":[{"count":3,"href":"https:\/\/www.colletcollage.com\/index.php?rest_route=\/wp\/v2\/pages\/68\/revisions"}],"predecessor-version":[{"id":117,"href":"https:\/\/www.colletcollage.com\/index.php?rest_route=\/wp\/v2\/pages\/68\/revisions\/117"}],"up":[{"embeddable":true,"href":"https:\/\/www.colletcollage.com\/index.php?rest_route=\/wp\/v2\/pages\/66"}],"wp:attachment":[{"href":"https:\/\/www.colletcollage.com\/index.php?rest_route=%2Fwp%2Fv2%2Fmedia&parent=68"}],"curies":[{"name":"wp","href":"https:\/\/api.w.org\/{rel}","templated":true}]}}