{"id":62,"date":"2010-03-04T12:05:05","date_gmt":"2010-03-04T11:05:05","guid":{"rendered":"http:\/\/217.70.188.214\/colletcollage.com\/?page_id=62"},"modified":"2010-03-04T13:35:16","modified_gmt":"2010-03-04T12:35:16","slug":"exposition-2007","status":"publish","type":"page","link":"https:\/\/www.colletcollage.com\/?page_id=62","title":{"rendered":"Exposition 2007"},"content":{"rendered":"<p><!-- \t\t@page { margin: 2cm } \t\tP { margin-bottom: 0.21cm } \t\tA:link { so-language: zxx } --><span style=\"font-size: medium;\"><strong>Expositions 2007\u00a0:<\/strong><\/span><\/p>\n<p>Galerie Cadres-Images \u00e0 Uz\u00e8s (30)\t\t\t\t\tJuillet<\/p>\n<p>Castill\u2019art \u00e0 Castillon du Gard (30)\t\t\t\t\tao\u00fbt<\/p>\n<p>12<sup>\u00e8me<\/sup> Salon des Arts \u00e0 Laudun (30)\t\t\t\t\toctobre\/novembre<\/p>\n<p>Le Livre dans la peau \u00e0 St Quentin-la-Poterie (30)\t\t\tnovembre<\/p>\n<p>P\u00f4le Accueil Insertion \u00e0 Uz\u00e8s (30)\t\t\t\t\tD\u00e9cembre<\/p>\n<p>Espace Pictor \u00e0 Carcasonne (11)\t\t\t\td\u00e9cembre &amp; janvier 2008<\/p>\n","protected":false},"excerpt":{"rendered":"<p>Expositions 2007\u00a0: Galerie Cadres-Images \u00e0 Uz\u00e8s (30) Juillet Castill\u2019art \u00e0 Castillon du Gard (30) ao\u00fbt 12\u00e8me Salon des Arts \u00e0 Laudun (30) octobre\/novembre Le Livre dans la peau \u00e0 St Quentin-la-Poterie (30) novembre P\u00f4le Accueil Insertion \u00e0 Uz\u00e8s (30) D\u00e9cembre Espace Pictor \u00e0 Carcasonne (11) d\u00e9cembre &amp; janvier 2008<\/p>\n","protected":false},"author":2,"featured_media":0,"parent":54,"menu_order":5,"comment_status":"closed","ping_status":"open","template":"","meta":{"footnotes":""},"class_list":["post-62","page","type-page","status-publish","hentry"],"_links":{"self":[{"href":"https:\/\/www.colletcollage.com\/index.php?rest_route=\/wp\/v2\/pages\/62","targetHints":{"allow":["GET"]}}],"collection":[{"href":"https:\/\/www.colletcollage.com\/index.php?rest_route=\/wp\/v2\/pages"}],"about":[{"href":"https:\/\/www.colletcollage.com\/index.php?rest_route=\/wp\/v2\/types\/page"}],"author":[{"embeddable":true,"href":"https:\/\/www.colletcollage.com\/index.php?rest_route=\/wp\/v2\/users\/2"}],"replies":[{"embeddable":true,"href":"https:\/\/www.colletcollage.com\/index.php?rest_route=%2Fwp%2Fv2%2Fcomments&post=62"}],"version-history":[{"count":2,"href":"https:\/\/www.colletcollage.com\/index.php?rest_route=\/wp\/v2\/pages\/62\/revisions"}],"predecessor-version":[{"id":81,"href":"https:\/\/www.colletcollage.com\/index.php?rest_route=\/wp\/v2\/pages\/62\/revisions\/81"}],"up":[{"embeddable":true,"href":"https:\/\/www.colletcollage.com\/index.php?rest_route=\/wp\/v2\/pages\/54"}],"wp:attachment":[{"href":"https:\/\/www.colletcollage.com\/index.php?rest_route=%2Fwp%2Fv2%2Fmedia&parent=62"}],"curies":[{"name":"wp","href":"https:\/\/api.w.org\/{rel}","templated":true}]}}