{"id":60,"date":"2010-03-04T12:03:45","date_gmt":"2010-03-04T11:03:45","guid":{"rendered":"http:\/\/217.70.188.214\/colletcollage.com\/?page_id=60"},"modified":"2013-04-16T10:39:05","modified_gmt":"2013-04-16T09:39:05","slug":"exposition-2008","status":"publish","type":"page","link":"https:\/\/www.colletcollage.com\/?page_id=60","title":{"rendered":"Exposition 2008"},"content":{"rendered":"<ul>\n<li>M\u00e9diath\u00e8que d\u2019Uz\u00e8s (30) \u00a0 \u00a0 \u00a0 \u00a0 \u00a0 \u00a0 \u00a0 \u00a0 \u00a0 \u00a0 \u00a0 \u00a0 \u00a0 \u00a0 \u00a0 \u00a0 \u00a0 \u00a0 \u00a0 \u00a0 \u00a0 \u00a0 \u00a0 \u00a0 \u00a0 \u00a0 \u00a0 \u00a0 \u00a0 \u00a0 \u00a0 F\u00e9vrier<\/li>\n<li>Salon des Arts Contemporains \u00e0 Avignon (84) \u00a0 \u00a0 \u00a0 \u00a0 \u00a0 \u00a0 \u00a0 \u00a0 \u00a0 \u00a0 Avril\/mai<\/li>\n<li>24<sup>\u00e8me<\/sup> Salon de l\u2019Art \u00e0 St Laurent des Arbres (30) \u00a0 \u00a0 \u00a0 \u00a0 \u00a0 \u00a0 \u00a0Mai<\/li>\n<li>Artim\u2019Arts \u00e0 Villeneuve lez Avignon (30) \u00a0 \u00a0 \u00a0 \u00a0 \u00a0 \u00a0 \u00a0 \u00a0 \u00a0 \u00a0 \u00a0 \u00a0 \u00a0 \u00a0 \u00a0Mai<\/li>\n<li>Centre d\u2019Arts Rhodaniens St Maur \u00e0 Bagnols\/C\u00e8ze (30) \u00a0Juin<\/li>\n<li>Exposition \u00e0 la Tour Ribas \u00e0 St Laurent des Arbres (30) \u00a0Juillet\/Ao\u00fbt<\/li>\n<li>Exposition \u00e0 la Chapelle de la M\u00e9diath\u00e8que d\u2019Uz\u00e8s (30) \u00a0Septembre<\/li>\n<li>Exposition Caveau Jean Babou \u00e0 Limoux (11) \u00a0 \u00a0 \u00a0 \u00a0 \u00a0 \u00a0 \u00a0 \u00a0 \u00a0 \u00a0 \u00a0 Octobre<\/li>\n<li>Le Livre dans la Peau \u00e0 St Quentin la Poterie (30) \u00a0 \u00a0 \u00a0 \u00a0 \u00a0 \u00a0 D\u00e9cembre<\/li>\n<\/ul>\n","protected":false},"excerpt":{"rendered":"<p>M\u00e9diath\u00e8que d\u2019Uz\u00e8s (30) \u00a0 \u00a0 \u00a0 \u00a0 \u00a0 \u00a0 \u00a0 \u00a0 \u00a0 \u00a0 \u00a0 \u00a0 \u00a0 \u00a0 \u00a0 \u00a0 \u00a0 \u00a0 \u00a0 \u00a0 \u00a0 \u00a0 \u00a0 \u00a0 \u00a0 \u00a0 \u00a0 \u00a0 \u00a0 \u00a0 \u00a0 F\u00e9vrier Salon des Arts Contemporains \u00e0 Avignon (84) \u00a0 \u00a0 \u00a0 \u00a0 \u00a0 \u00a0 \u00a0 \u00a0 \u00a0 \u00a0 Avril\/mai 24\u00e8me Salon [&hellip;]<\/p>\n","protected":false},"author":2,"featured_media":0,"parent":54,"menu_order":4,"comment_status":"closed","ping_status":"open","template":"","meta":{"footnotes":""},"class_list":["post-60","page","type-page","status-publish","hentry"],"_links":{"self":[{"href":"https:\/\/www.colletcollage.com\/index.php?rest_route=\/wp\/v2\/pages\/60","targetHints":{"allow":["GET"]}}],"collection":[{"href":"https:\/\/www.colletcollage.com\/index.php?rest_route=\/wp\/v2\/pages"}],"about":[{"href":"https:\/\/www.colletcollage.com\/index.php?rest_route=\/wp\/v2\/types\/page"}],"author":[{"embeddable":true,"href":"https:\/\/www.colletcollage.com\/index.php?rest_route=\/wp\/v2\/users\/2"}],"replies":[{"embeddable":true,"href":"https:\/\/www.colletcollage.com\/index.php?rest_route=%2Fwp%2Fv2%2Fcomments&post=60"}],"version-history":[{"count":4,"href":"https:\/\/www.colletcollage.com\/index.php?rest_route=\/wp\/v2\/pages\/60\/revisions"}],"predecessor-version":[{"id":278,"href":"https:\/\/www.colletcollage.com\/index.php?rest_route=\/wp\/v2\/pages\/60\/revisions\/278"}],"up":[{"embeddable":true,"href":"https:\/\/www.colletcollage.com\/index.php?rest_route=\/wp\/v2\/pages\/54"}],"wp:attachment":[{"href":"https:\/\/www.colletcollage.com\/index.php?rest_route=%2Fwp%2Fv2%2Fmedia&parent=60"}],"curies":[{"name":"wp","href":"https:\/\/api.w.org\/{rel}","templated":true}]}}