{"id":527,"date":"2016-10-04T08:11:51","date_gmt":"2016-10-04T07:11:51","guid":{"rendered":"http:\/\/www.colletcollage.com\/?page_id=527"},"modified":"2016-10-04T08:15:20","modified_gmt":"2016-10-04T07:15:20","slug":"exposition-2016","status":"publish","type":"page","link":"https:\/\/www.colletcollage.com\/?page_id=527","title":{"rendered":"Exposition 2016"},"content":{"rendered":"<ul>\n<li class=\"western\">Salon Talents de Femmes \u00e0 Uz\u00e8s Mars<\/li>\n<li class=\"western\">8 RENCONTRES B\u00e9cagrun \u00e0 Saint Dionisy Octobre<\/li>\n<\/ul>\n<p>&nbsp;<\/p>\n<p>&nbsp;<\/p>\n","protected":false},"excerpt":{"rendered":"<p>Salon Talents de Femmes \u00e0 Uz\u00e8s Mars 8 RENCONTRES B\u00e9cagrun \u00e0 Saint Dionisy Octobre &nbsp; &nbsp;<\/p>\n","protected":false},"author":2,"featured_media":0,"parent":54,"menu_order":-4,"comment_status":"closed","ping_status":"closed","template":"","meta":{"footnotes":""},"class_list":["post-527","page","type-page","status-publish","hentry"],"_links":{"self":[{"href":"https:\/\/www.colletcollage.com\/index.php?rest_route=\/wp\/v2\/pages\/527","targetHints":{"allow":["GET"]}}],"collection":[{"href":"https:\/\/www.colletcollage.com\/index.php?rest_route=\/wp\/v2\/pages"}],"about":[{"href":"https:\/\/www.colletcollage.com\/index.php?rest_route=\/wp\/v2\/types\/page"}],"author":[{"embeddable":true,"href":"https:\/\/www.colletcollage.com\/index.php?rest_route=\/wp\/v2\/users\/2"}],"replies":[{"embeddable":true,"href":"https:\/\/www.colletcollage.com\/index.php?rest_route=%2Fwp%2Fv2%2Fcomments&post=527"}],"version-history":[{"count":2,"href":"https:\/\/www.colletcollage.com\/index.php?rest_route=\/wp\/v2\/pages\/527\/revisions"}],"predecessor-version":[{"id":529,"href":"https:\/\/www.colletcollage.com\/index.php?rest_route=\/wp\/v2\/pages\/527\/revisions\/529"}],"up":[{"embeddable":true,"href":"https:\/\/www.colletcollage.com\/index.php?rest_route=\/wp\/v2\/pages\/54"}],"wp:attachment":[{"href":"https:\/\/www.colletcollage.com\/index.php?rest_route=%2Fwp%2Fv2%2Fmedia&parent=527"}],"curies":[{"name":"wp","href":"https:\/\/api.w.org\/{rel}","templated":true}]}}