{"id":525,"date":"2016-10-04T08:11:10","date_gmt":"2016-10-04T07:11:10","guid":{"rendered":"http:\/\/www.colletcollage.com\/?page_id=525"},"modified":"2016-10-04T08:15:10","modified_gmt":"2016-10-04T07:15:10","slug":"exposition-2015","status":"publish","type":"page","link":"https:\/\/www.colletcollage.com\/?page_id=525","title":{"rendered":"Exposition 2015"},"content":{"rendered":"<ul>\n<li>Salon Talents de Femmes \u00e0 Uz\u00e8s\u00a0\u00a0\u00a0\u00a0\u00a0\u00a0\u00a0\u00a0\u00a0\u00a0\u00a0\u00a0\u00a0\u00a0\u00a0\u00a0\u00a0\u00a0\u00a0\u00a0\u00a0\u00a0\u00a0\u00a0\u00a0\u00a0\u00a0 F\u00e9vrier<\/li>\n<li>Galeries Ephem\u00e8res \u00e0 Uz\u00e8s\u00a0\u00a0\u00a0\u00a0\u00a0\u00a0\u00a0\u00a0\u00a0\u00a0\u00a0\u00a0\u00a0\u00a0\u00a0\u00a0\u00a0\u00a0\u00a0\u00a0\u00a0\u00a0\u00a0\u00a0\u00a0\u00a0\u00a0\u00a0\u00a0\u00a0\u00a0\u00a0\u00a0\u00a0\u00a0\u00a0 Juin<\/li>\n<li>Octobre Rose \u00e0 M\u00e9diath\u00e8que de Montaren\u00a0\u00a0\u00a0\u00a0\u00a0\u00a0\u00a0\u00a0\u00a0 Octobre<\/li>\n<\/ul>\n","protected":false},"excerpt":{"rendered":"<p>Salon Talents de Femmes \u00e0 Uz\u00e8s\u00a0\u00a0\u00a0\u00a0\u00a0\u00a0\u00a0\u00a0\u00a0\u00a0\u00a0\u00a0\u00a0\u00a0\u00a0\u00a0\u00a0\u00a0\u00a0\u00a0\u00a0\u00a0\u00a0\u00a0\u00a0\u00a0\u00a0 F\u00e9vrier Galeries Ephem\u00e8res \u00e0 Uz\u00e8s\u00a0\u00a0\u00a0\u00a0\u00a0\u00a0\u00a0\u00a0\u00a0\u00a0\u00a0\u00a0\u00a0\u00a0\u00a0\u00a0\u00a0\u00a0\u00a0\u00a0\u00a0\u00a0\u00a0\u00a0\u00a0\u00a0\u00a0\u00a0\u00a0\u00a0\u00a0\u00a0\u00a0\u00a0\u00a0\u00a0 Juin Octobre Rose \u00e0 M\u00e9diath\u00e8que de Montaren\u00a0\u00a0\u00a0\u00a0\u00a0\u00a0\u00a0\u00a0\u00a0 Octobre<\/p>\n","protected":false},"author":2,"featured_media":0,"parent":54,"menu_order":-3,"comment_status":"closed","ping_status":"closed","template":"","meta":{"footnotes":""},"class_list":["post-525","page","type-page","status-publish","hentry"],"_links":{"self":[{"href":"https:\/\/www.colletcollage.com\/index.php?rest_route=\/wp\/v2\/pages\/525","targetHints":{"allow":["GET"]}}],"collection":[{"href":"https:\/\/www.colletcollage.com\/index.php?rest_route=\/wp\/v2\/pages"}],"about":[{"href":"https:\/\/www.colletcollage.com\/index.php?rest_route=\/wp\/v2\/types\/page"}],"author":[{"embeddable":true,"href":"https:\/\/www.colletcollage.com\/index.php?rest_route=\/wp\/v2\/users\/2"}],"replies":[{"embeddable":true,"href":"https:\/\/www.colletcollage.com\/index.php?rest_route=%2Fwp%2Fv2%2Fcomments&post=525"}],"version-history":[{"count":2,"href":"https:\/\/www.colletcollage.com\/index.php?rest_route=\/wp\/v2\/pages\/525\/revisions"}],"predecessor-version":[{"id":530,"href":"https:\/\/www.colletcollage.com\/index.php?rest_route=\/wp\/v2\/pages\/525\/revisions\/530"}],"up":[{"embeddable":true,"href":"https:\/\/www.colletcollage.com\/index.php?rest_route=\/wp\/v2\/pages\/54"}],"wp:attachment":[{"href":"https:\/\/www.colletcollage.com\/index.php?rest_route=%2Fwp%2Fv2%2Fmedia&parent=525"}],"curies":[{"name":"wp","href":"https:\/\/api.w.org\/{rel}","templated":true}]}}