{"id":2,"date":"2009-02-03T04:53:31","date_gmt":"2009-02-03T03:53:31","guid":{"rendered":"http:\/\/217.70.188.214\/wordpress\/?page_id=2"},"modified":"2013-01-08T21:27:39","modified_gmt":"2013-01-08T20:27:39","slug":"about","status":"publish","type":"page","link":"https:\/\/www.colletcollage.com\/?page_id=2","title":{"rendered":"Contact et Parcours"},"content":{"rendered":"<h1>Denise COLLET<\/h1>\n<p><!-- \t\t@page { margin: 2cm } \t\tP { margin-bottom: 0.21cm } --><em><strong>[SinglePic not found]<\/strong><\/em><\/p>\n<p><em><strong>30700 Uz\u00e8s<\/strong><\/em><\/p>\n<p>&nbsp;<\/p>\n<p>&nbsp;<\/p>\n<p>Email: colletcollage@yahoo.fr<\/p>\n<p>web: www.colletcollage.com<\/p>\n<p><em>La Maison des Artistes n\u00b0 C8085561 &#8211; Siret n\u00b0 501\u00a0563\u00a0159 00018<\/em><\/p>\n<h2>Mon Parcours :<\/h2>\n<p><!-- \t\t@page { margin: 2cm } \t\tP { margin-bottom: 0.21cm } -->Je suis n\u00e9e \u00e0 Lyon sur les hauteurs de la Croix Rousse. Apr\u00e8s une vie professionnelle et un engagement caritatif et culturel, je suis maintenant \u00e0 Uz\u00e8s dans le Gard.<\/p>\n<p>Je ne suis pas manuelle dans le sens artistique du mot. Souhaitant, n\u00e9anmoins r\u00e9aliser enfin quelque chose \u00ab\u00a0 de mes mains\u00a0\u00bb je me tourne vers le collage que je consid\u00e8re comme un art irrationnel.<\/p>\n<p>Le collage est dit-on un art singulier et pourtant cela permet de passer, sans le savoir, de la magie au concret. Faire du collage c\u2019est, en quelque sorte, faire de la mise en sc\u00e8ne. En effet, chacune de mes r\u00e9alisations raconte une histoire, transmet un message, enfin je l\u2019esp\u00e8re, car tel est mon but.<\/p>\n<p>On peut faire des images avec ciseaux, colle et papier, c\u2019est comme un texte \u00e7a dit toujours quelque chose. Le collage est une manivelle pour l\u2019imagination.<\/p>\n","protected":false},"excerpt":{"rendered":"<p>Denise COLLET 30700 Uz\u00e8s &nbsp; &nbsp; Email: colletcollage@yahoo.fr web: www.colletcollage.com La Maison des Artistes n\u00b0 C8085561 &#8211; Siret n\u00b0 501\u00a0563\u00a0159 00018 Mon Parcours : Je suis n\u00e9e \u00e0 Lyon sur les hauteurs de la Croix Rousse. Apr\u00e8s une vie professionnelle et un engagement caritatif et culturel, je suis maintenant \u00e0 Uz\u00e8s dans le Gard. Je [&hellip;]<\/p>\n","protected":false},"author":2,"featured_media":0,"parent":66,"menu_order":1,"comment_status":"closed","ping_status":"open","template":"","meta":{"footnotes":""},"class_list":["post-2","page","type-page","status-publish","hentry"],"_links":{"self":[{"href":"https:\/\/www.colletcollage.com\/index.php?rest_route=\/wp\/v2\/pages\/2","targetHints":{"allow":["GET"]}}],"collection":[{"href":"https:\/\/www.colletcollage.com\/index.php?rest_route=\/wp\/v2\/pages"}],"about":[{"href":"https:\/\/www.colletcollage.com\/index.php?rest_route=\/wp\/v2\/types\/page"}],"author":[{"embeddable":true,"href":"https:\/\/www.colletcollage.com\/index.php?rest_route=\/wp\/v2\/users\/2"}],"replies":[{"embeddable":true,"href":"https:\/\/www.colletcollage.com\/index.php?rest_route=%2Fwp%2Fv2%2Fcomments&post=2"}],"version-history":[{"count":16,"href":"https:\/\/www.colletcollage.com\/index.php?rest_route=\/wp\/v2\/pages\/2\/revisions"}],"predecessor-version":[{"id":24,"href":"https:\/\/www.colletcollage.com\/index.php?rest_route=\/wp\/v2\/pages\/2\/revisions\/24"}],"up":[{"embeddable":true,"href":"https:\/\/www.colletcollage.com\/index.php?rest_route=\/wp\/v2\/pages\/66"}],"wp:attachment":[{"href":"https:\/\/www.colletcollage.com\/index.php?rest_route=%2Fwp%2Fv2%2Fmedia&parent=2"}],"curies":[{"name":"wp","href":"https:\/\/api.w.org\/{rel}","templated":true}]}}