{"id":143,"date":"2010-09-27T18:07:17","date_gmt":"2010-09-27T17:07:17","guid":{"rendered":"http:\/\/www.colletcollage.com\/?page_id=143"},"modified":"2020-03-03T14:20:07","modified_gmt":"2020-03-03T13:20:07","slug":"12-art-galerie","status":"publish","type":"page","link":"https:\/\/www.colletcollage.com\/","title":{"rendered":"12&prime; ART GALERIE"},"content":{"rendered":"<p><img loading=\"lazy\" decoding=\"async\" class=\"alignleft wp-image-562\" src=\"https:\/\/www.colletcollage.com\/wp-content\/uploads\/2017\/11\/image0.jpg\" alt=\"\" width=\"324\" height=\"483\" srcset=\"https:\/\/www.colletcollage.com\/wp-content\/uploads\/2017\/11\/image0.jpg 636w, https:\/\/www.colletcollage.com\/wp-content\/uploads\/2017\/11\/image0-201x300.jpg 201w\" sizes=\"auto, (max-width: 324px) 100vw, 324px\" \/><\/p>\n<p><\/p>\n<p><span style=\"text-decoration: underline;\"><a class=\"fancybox\" title=\"\" href=\"https:\/\/www.colletcollage.com\/\/wp-content\/gallery\/divers\/denise-copie.jpg\" rel=\"\">\n<a href=\"https:\/\/www.colletcollage.com\/\/wp-content\/gallery\/divers\/denise-copie.jpg\" title=\"\" class=\"fancybox\" rel=\"singlepic113\" >\n\t<img decoding=\"async\" class=\"ngg-singlepic\" src=\"https:\/\/www.colletcollage.com\/wp-content\/gallery\/cache\/113__320x240_denise-copie.jpg\" alt=\"denise-galerie-v\" title=\"denise-galerie-v\" \/>\n<\/a>\n<\/a>&nbsp;Denise Collet-Lagarde<\/span>, Uz\u00e9tienne bien connue pour ses&nbsp; collages originaux .<\/p>\n<p><span id=\"yui_3_16_0_1_1420468579206_5402\">Depuis le d\u00e9but de l&rsquo;ann\u00e9e, je suis sur le site de l&rsquo;Office de la Culture d&rsquo;Uz\u00e9s.<\/span><\/p>\n<div id=\"yui_3_16_0_1_1420468579206_5381\" dir=\"ltr\">Un petit coup d&rsquo;oeil, pour me dire ce que vous en pensez<\/div>\n<h2>&nbsp;<\/h2>\n<p><\/p>\n\n\n<figure class=\"wp-block-image\"><a href=\"https:\/\/www.colletcollage.com\/?page_id=382\"><img loading=\"lazy\" decoding=\"async\" width=\"724\" height=\"1024\" src=\"https:\/\/www.colletcollage.com\/wp-content\/uploads\/2020\/03\/Affiche-Talents-2020-724x1024.jpg\" alt=\"\" class=\"wp-image-641\" srcset=\"https:\/\/www.colletcollage.com\/wp-content\/uploads\/2020\/03\/Affiche-Talents-2020-724x1024.jpg 724w, https:\/\/www.colletcollage.com\/wp-content\/uploads\/2020\/03\/Affiche-Talents-2020-212x300.jpg 212w, https:\/\/www.colletcollage.com\/wp-content\/uploads\/2020\/03\/Affiche-Talents-2020-768x1086.jpg 768w, https:\/\/www.colletcollage.com\/wp-content\/uploads\/2020\/03\/Affiche-Talents-2020.jpg 1240w\" sizes=\"auto, (max-width: 724px) 100vw, 724px\" \/><\/a><\/figure>\n\n\n\n<a href=\"https:\/\/www.colletcollage.com\/wp-content\/gallery\/gallerie-10_1\/photos.jpg\" title=\"Eloge de la grille (100 carr\u00e9s de 8x8)\" class=\"fancybox\" rel=\"singlepic167\" >\n\t<img decoding=\"async\" class=\"ngg-singlepic\" src=\"https:\/\/www.colletcollage.com\/wp-content\/gallery\/cache\/167__800x_photos.jpg\" alt=\"Eloge de la grille (100 carr\u00e9s de 8x8)\" title=\"Eloge de la grille (100 carr\u00e9s de 8x8)\" \/>\n<\/a>\n\n\n\n\n<p style=\"text-align:left\">A partir d&rsquo;une centaine de carr\u00e9s (de 8 cm par 8 cm) composition d&rsquo;un jeu de damier, en r\u00e9f\u00e9rence \u00e0 un artiste am\u00e9ricain de renom <a href=\"https:\/\/fr.wikipedia.org\/wiki\/Ellsworth_Kelly\">Ellswroth Kelly<\/a> qui est le repr\u00e9sentant le plus fran\u00e7ais de l&rsquo;art moderne am\u00e9ricain.<\/p>\n","protected":false},"excerpt":{"rendered":"<p>&nbsp;Denise Collet-Lagarde, Uz\u00e9tienne bien connue pour ses&nbsp; collages originaux . Depuis le d\u00e9but de l&rsquo;ann\u00e9e, je suis sur le site de l&rsquo;Office de la Culture d&rsquo;Uz\u00e9s. Un petit coup d&rsquo;oeil, pour me dire ce que vous en pensez &nbsp; A partir d&rsquo;une centaine de carr\u00e9s (de 8 cm par 8 cm) composition d&rsquo;un jeu de [&hellip;]<\/p>\n","protected":false},"author":2,"featured_media":0,"parent":0,"menu_order":3,"comment_status":"closed","ping_status":"open","template":"","meta":{"footnotes":""},"class_list":["post-143","page","type-page","status-publish","hentry"],"_links":{"self":[{"href":"https:\/\/www.colletcollage.com\/index.php?rest_route=\/wp\/v2\/pages\/143","targetHints":{"allow":["GET"]}}],"collection":[{"href":"https:\/\/www.colletcollage.com\/index.php?rest_route=\/wp\/v2\/pages"}],"about":[{"href":"https:\/\/www.colletcollage.com\/index.php?rest_route=\/wp\/v2\/types\/page"}],"author":[{"embeddable":true,"href":"https:\/\/www.colletcollage.com\/index.php?rest_route=\/wp\/v2\/users\/2"}],"replies":[{"embeddable":true,"href":"https:\/\/www.colletcollage.com\/index.php?rest_route=%2Fwp%2Fv2%2Fcomments&post=143"}],"version-history":[{"count":66,"href":"https:\/\/www.colletcollage.com\/index.php?rest_route=\/wp\/v2\/pages\/143\/revisions"}],"predecessor-version":[{"id":648,"href":"https:\/\/www.colletcollage.com\/index.php?rest_route=\/wp\/v2\/pages\/143\/revisions\/648"}],"wp:attachment":[{"href":"https:\/\/www.colletcollage.com\/index.php?rest_route=%2Fwp%2Fv2%2Fmedia&parent=143"}],"curies":[{"name":"wp","href":"https:\/\/api.w.org\/{rel}","templated":true}]}}