{"id":120,"date":"2010-05-04T15:02:36","date_gmt":"2010-05-04T14:02:36","guid":{"rendered":"http:\/\/www.colletcollage.com\/?page_id=120"},"modified":"2010-05-04T15:07:02","modified_gmt":"2010-05-04T14:07:02","slug":"exposition-2010","status":"publish","type":"page","link":"https:\/\/www.colletcollage.com\/?page_id=120","title":{"rendered":"Exposition 2010"},"content":{"rendered":"<ul>\n<li>13 Mai\u00a0 Journ\u00e9e des Peintres \u00e0 Uz\u00e9s (30)<\/li>\n<li>28 au 31 Mai &#8211; Salon\u00a0de Saint-Laurent-des-Arbres (30)<\/li>\n<li>12 Juin &#8211; March\u00e9 de l&rsquo;Art\u00a0de l&rsquo;Isle sur la Sorgue (84)<\/li>\n<li>7 et 8 Ao\u00fbt &#8211; March\u00e9 de l&rsquo;Art\u00a0de Malauc\u00e8ne (84)<\/li>\n<li>11 Septembre &#8211; March\u00e9 de l&rsquo;Art\u00a0de l&rsquo;Isle sur la Sorgue (84)<\/li>\n<\/ul>\n","protected":false},"excerpt":{"rendered":"<p>13 Mai\u00a0 Journ\u00e9e des Peintres \u00e0 Uz\u00e9s (30) 28 au 31 Mai &#8211; Salon\u00a0de Saint-Laurent-des-Arbres (30) 12 Juin &#8211; March\u00e9 de l&rsquo;Art\u00a0de l&rsquo;Isle sur la Sorgue (84) 7 et 8 Ao\u00fbt &#8211; March\u00e9 de l&rsquo;Art\u00a0de Malauc\u00e8ne (84) 11 Septembre &#8211; March\u00e9 de l&rsquo;Art\u00a0de l&rsquo;Isle sur la Sorgue (84)<\/p>\n","protected":false},"author":2,"featured_media":0,"parent":54,"menu_order":2,"comment_status":"closed","ping_status":"open","template":"","meta":{"footnotes":""},"class_list":["post-120","page","type-page","status-publish","hentry"],"_links":{"self":[{"href":"https:\/\/www.colletcollage.com\/index.php?rest_route=\/wp\/v2\/pages\/120","targetHints":{"allow":["GET"]}}],"collection":[{"href":"https:\/\/www.colletcollage.com\/index.php?rest_route=\/wp\/v2\/pages"}],"about":[{"href":"https:\/\/www.colletcollage.com\/index.php?rest_route=\/wp\/v2\/types\/page"}],"author":[{"embeddable":true,"href":"https:\/\/www.colletcollage.com\/index.php?rest_route=\/wp\/v2\/users\/2"}],"replies":[{"embeddable":true,"href":"https:\/\/www.colletcollage.com\/index.php?rest_route=%2Fwp%2Fv2%2Fcomments&post=120"}],"version-history":[{"count":4,"href":"https:\/\/www.colletcollage.com\/index.php?rest_route=\/wp\/v2\/pages\/120\/revisions"}],"predecessor-version":[{"id":124,"href":"https:\/\/www.colletcollage.com\/index.php?rest_route=\/wp\/v2\/pages\/120\/revisions\/124"}],"up":[{"embeddable":true,"href":"https:\/\/www.colletcollage.com\/index.php?rest_route=\/wp\/v2\/pages\/54"}],"wp:attachment":[{"href":"https:\/\/www.colletcollage.com\/index.php?rest_route=%2Fwp%2Fv2%2Fmedia&parent=120"}],"curies":[{"name":"wp","href":"https:\/\/api.w.org\/{rel}","templated":true}]}}